{"id":9901,"date":"2025-05-10T20:07:52","date_gmt":"2025-05-10T20:07:52","guid":{"rendered":"https:\/\/lumalofts.ca\/?page_id=9901"},"modified":"2026-01-10T06:01:32","modified_gmt":"2026-01-10T06:01:32","slug":"booking-photoshoot","status":"publish","type":"page","link":"https:\/\/lumalofts.ca\/fr\/booking-photoshoot\/","title":{"rendered":"R\u00e9servation Photoshoot"},"content":{"rendered":"<div data-elementor-type=\"wp-page\" data-elementor-id=\"9901\" class=\"elementor elementor-9901\">\n\t\t\t\t<div class=\"elementor-element elementor-element-1c08d5d e-flex e-con-boxed e-con e-parent\" data-id=\"1c08d5d\" data-element_type=\"container\" data-e-type=\"container\" data-settings=\"{&quot;mauve_ext_is_background_parallax&quot;:&quot;false&quot;}\">\n\t\t\t\t\t<div class=\"e-con-inner\">\n\t\t\t\t<div class=\"elementor-element elementor-element-9a8a7ad elementor-widget elementor-widget-text-editor\" data-id=\"9a8a7ad\" data-element_type=\"widget\" data-e-type=\"widget\" data-settings=\"{&quot;mauve_hidepaged&quot;:&quot;false&quot;}\" data-widget_type=\"text-editor.default\">\n\t\t\t\t\t\t\t\t\t<p>Cette page est d\u00e9di\u00e9e \u00e0 la r\u00e9servation du studio pour la cr\u00e9ation de contenu, la production vid\u00e9o et les s\u00e9ances photo d'\u00e9quipes de moins de 10 personnes UNIQUEMENT. Si vous organisez un \u00e9v\u00e9nement aux lofts LUMA, veuillez consulter la page \u00c9v\u00e9nements et nous contacter pour plus d'informations.<\/p>\t\t\t\t\t\t\t\t<\/div>\n\t\t\t\t\t<\/div>\n\t\t\t\t<\/div>\n\t\t<div class=\"elementor-element elementor-element-684c325 e-grid e-con-boxed e-con e-parent\" data-id=\"684c325\" data-element_type=\"container\" data-e-type=\"container\" data-settings=\"{&quot;mauve_ext_is_background_parallax&quot;:&quot;false&quot;}\">\n\t\t\t\t\t<div class=\"e-con-inner\">\n\t\t\t\t<div class=\"elementor-element elementor-element-2cfdb87 elementor-widget elementor-widget-html\" data-id=\"2cfdb87\" data-element_type=\"widget\" data-e-type=\"widget\" data-settings=\"{&quot;mauve_hidepaged&quot;:&quot;false&quot;}\" data-widget_type=\"html.default\">\n\t\t\t\t\t<button onclick=\"openWeekday()\"> Jour de semaine <\/button>\n <script>\n     function openWeekday() {\n  var x = document.getElementById(\"Weekday\");\n  var y = document.getElementById(\"Weekend\");\n  y.style.display = \"none\";\n  if (x.style.display === \"none\") {\n    x.style.display = \"block\";\n  } else {\n    x.style.display = \"none\";\n  }\n}\n <\/script>\t\t\t\t<\/div>\n\t\t\t\t<div class=\"elementor-element elementor-element-4f4be97 elementor-widget elementor-widget-html\" data-id=\"4f4be97\" data-element_type=\"widget\" data-e-type=\"widget\" data-settings=\"{&quot;mauve_hidepaged&quot;:&quot;false&quot;}\" data-widget_type=\"html.default\">\n\t\t\t\t\t<button onclick=\"openWeekend()\"> Fin de semaine <\/button>\n <script>\n     function openWeekend() {\n  var x = document.getElementById(\"Weekend\");\n  var y = document.getElementById(\"Weekday\");\n  y.style.display = \"none\";\n \n  if (x.style.display === \"none\") {\n    x.style.display = \"block\";\n  } else {\n    x.style.display = \"none\";\n  }\n}\n <\/script>\t\t\t\t<\/div>\n\t\t\t\t\t<\/div>\n\t\t\t\t<\/div>\n\t\t<div class=\"elementor-element elementor-element-4ba52f3 elementor-hidden-desktop elementor-hidden-laptop elementor-hidden-tablet elementor-hidden-mobile e-flex e-con-boxed e-con e-parent\" data-id=\"4ba52f3\" data-element_type=\"container\" data-e-type=\"container\" id=\"Weekday\" data-settings=\"{&quot;mauve_ext_is_background_parallax&quot;:&quot;false&quot;}\">\n\t\t\t\t\t<div class=\"e-con-inner\">\n\t\t\t\t<div class=\"elementor-element elementor-element-14aa63b elementor-widget elementor-widget-html\" data-id=\"14aa63b\" data-element_type=\"widget\" data-e-type=\"widget\" data-settings=\"{&quot;mauve_hidepaged&quot;:&quot;false&quot;}\" data-widget_type=\"html.default\">\n\t\t\t\t\t<iframe src=\"https:\/\/app.acuityscheduling.com\/schedule.php?owner=23928166&appointmentType=category:LUMA%20-%20Content%20Creation%20-%20Weekday\" width=\"100%\" height=\"800\" frameborder=\"0\"><\/iframe>\t\t\t\t\t\t\t\t<script src=\"https:\/\/embed.acuityscheduling.com\/js\/embed.js\" type=\"text\/javascript\"><\/script>\r\n\t\t\t\t\t\t\t<\/div>\n\t\t\t\t\t<\/div>\n\t\t\t\t<\/div>\n\t\t<div class=\"elementor-element elementor-element-6dcec26 elementor-hidden-desktop elementor-hidden-laptop elementor-hidden-tablet elementor-hidden-mobile e-flex e-con-boxed e-con e-parent\" data-id=\"6dcec26\" data-element_type=\"container\" data-e-type=\"container\" id=\"Weekend\" data-settings=\"{&quot;mauve_ext_is_background_parallax&quot;:&quot;false&quot;}\">\n\t\t\t\t\t<div class=\"e-con-inner\">\n\t\t\t\t<div class=\"elementor-element elementor-element-60fd9c5 elementor-widget elementor-widget-html\" data-id=\"60fd9c5\" data-element_type=\"widget\" data-e-type=\"widget\" data-settings=\"{&quot;mauve_hidepaged&quot;:&quot;false&quot;}\" data-widget_type=\"html.default\">\n\t\t\t\t\t<iframe src=\"https:\/\/app.acuityscheduling.com\/schedule.php?owner=23928166&appointmentType=category:LUMA%20-%20Content%20Creation%20-%20Weekend\" width=\"100%\" height=\"800\" frameborder=\"0\"><\/iframe>\t\t\t\t\t\t\t\t\t\t\t\t\t\t\t\t\t\t\t\t\t\t\t\t\t\t\t\t\t\t\t\t\t<script src=\"https:\/\/embed.acuityscheduling.com\/js\/embed.js\" type=\"text\/javascript\"><\/script>\r\n\t\t\t\t\t\t\t<\/div>\n\t\t\t\t\t<\/div>\n\t\t\t\t<\/div>\n\t\t\t\t<\/div>","protected":false},"excerpt":{"rendered":"<p>This page is for booking the studio space for content creation, video production, and photoshoots of crews under 10 people ONLY. If you are hosting an event at LUMA lofts,&#8230;<\/p>","protected":false},"author":1,"featured_media":0,"parent":0,"menu_order":0,"comment_status":"closed","ping_status":"closed","template":"","meta":{"footnotes":""},"categories":[],"tags":[],"class_list":["post-9901","page","type-page","status-publish","hentry"],"yoast_head":"<!-- This site is optimized with the Yoast SEO Premium plugin v26.9 (Yoast SEO v26.9) - https:\/\/yoast.com\/product\/yoast-seo-premium-wordpress\/ -->\n<title>Booking Photoshoot - Luma Lofts<\/title>\n<meta name=\"robots\" content=\"index, follow, max-snippet:-1, max-image-preview:large, max-video-preview:-1\" \/>\n<link rel=\"canonical\" href=\"https:\/\/lumalofts.ca\/fr\/booking-photoshoot\/\" \/>\n<meta property=\"og:locale\" content=\"fr_CA\" \/>\n<meta property=\"og:type\" content=\"article\" \/>\n<meta property=\"og:title\" content=\"Booking Photoshoot\" \/>\n<meta property=\"og:description\" content=\"This page is for booking the studio space for content creation, video production, and photoshoots of crews under 10 people ONLY. If you are hosting an event at LUMA lofts,...\" \/>\n<meta property=\"og:url\" content=\"https:\/\/lumalofts.ca\/fr\/booking-photoshoot\/\" \/>\n<meta property=\"og:site_name\" content=\"Luma Lofts\" \/>\n<meta property=\"article:publisher\" content=\"https:\/\/www.facebook.com\/lumaloft\/\" \/>\n<meta property=\"article:modified_time\" content=\"2026-01-10T06:01:32+00:00\" \/>\n<meta name=\"twitter:card\" content=\"summary_large_image\" \/>\n<meta name=\"twitter:label1\" content=\"Estimation du temps de lecture\" \/>\n\t<meta name=\"twitter:data1\" content=\"1 minute\" \/>\n<script type=\"application\/ld+json\" class=\"yoast-schema-graph\">{\"@context\":\"https:\/\/schema.org\",\"@graph\":[{\"@type\":\"WebPage\",\"@id\":\"https:\/\/lumalofts.ca\/booking-photoshoot\/\",\"url\":\"https:\/\/lumalofts.ca\/booking-photoshoot\/\",\"name\":\"Booking Photoshoot - Luma Lofts\",\"isPartOf\":{\"@id\":\"https:\/\/lumalofts.ca\/#website\"},\"datePublished\":\"2025-05-10T20:07:52+00:00\",\"dateModified\":\"2026-01-10T06:01:32+00:00\",\"breadcrumb\":{\"@id\":\"https:\/\/lumalofts.ca\/booking-photoshoot\/#breadcrumb\"},\"inLanguage\":\"fr-CA\",\"potentialAction\":[{\"@type\":\"ReadAction\",\"target\":[\"https:\/\/lumalofts.ca\/booking-photoshoot\/\"]}]},{\"@type\":\"BreadcrumbList\",\"@id\":\"https:\/\/lumalofts.ca\/booking-photoshoot\/#breadcrumb\",\"itemListElement\":[{\"@type\":\"ListItem\",\"position\":1,\"name\":\"Home\",\"item\":\"https:\/\/lumalofts.ca\/\"},{\"@type\":\"ListItem\",\"position\":2,\"name\":\"Booking Photoshoot\"}]},{\"@type\":\"WebSite\",\"@id\":\"https:\/\/lumalofts.ca\/#website\",\"url\":\"https:\/\/lumalofts.ca\/\",\"name\":\"Luma Lofts \u2013 Creative Studio Space in Montreal\",\"description\":\"Creative Studio Space in Montreal\",\"publisher\":{\"@id\":\"https:\/\/lumalofts.ca\/#organization\"},\"potentialAction\":[{\"@type\":\"SearchAction\",\"target\":{\"@type\":\"EntryPoint\",\"urlTemplate\":\"https:\/\/lumalofts.ca\/?s={search_term_string}\"},\"query-input\":{\"@type\":\"PropertyValueSpecification\",\"valueRequired\":true,\"valueName\":\"search_term_string\"}}],\"inLanguage\":\"fr-CA\"},{\"@type\":[\"Organization\",\"Place\"],\"@id\":\"https:\/\/lumalofts.ca\/#organization\",\"name\":\"Luma Lofts\",\"url\":\"https:\/\/lumalofts.ca\/\",\"logo\":{\"@id\":\"https:\/\/lumalofts.ca\/booking-photoshoot\/#local-main-organization-logo\"},\"image\":{\"@id\":\"https:\/\/lumalofts.ca\/booking-photoshoot\/#local-main-organization-logo\"},\"sameAs\":[\"https:\/\/www.facebook.com\/lumaloft\/\",\"https:\/\/www.instagram.com\/lumalofts\/\"],\"telephone\":[],\"openingHoursSpecification\":[{\"@type\":\"OpeningHoursSpecification\",\"dayOfWeek\":[\"Monday\",\"Tuesday\",\"Wednesday\",\"Thursday\",\"Friday\",\"Saturday\",\"Sunday\"],\"opens\":\"09:00\",\"closes\":\"17:00\"}]},{\"@type\":\"ImageObject\",\"inLanguage\":\"fr-CA\",\"@id\":\"https:\/\/lumalofts.ca\/booking-photoshoot\/#local-main-organization-logo\",\"url\":\"https:\/\/lumalofts.ca\/wp-content\/uploads\/cropped-LUMA-logo.png\",\"contentUrl\":\"https:\/\/lumalofts.ca\/wp-content\/uploads\/cropped-LUMA-logo.png\",\"width\":512,\"height\":512,\"caption\":\"Luma Lofts\"}]}<\/script>\n<!-- \/ Yoast SEO Premium plugin. -->","yoast_head_json":{"title":"Booking Photoshoot - Luma Lofts","robots":{"index":"index","follow":"follow","max-snippet":"max-snippet:-1","max-image-preview":"max-image-preview:large","max-video-preview":"max-video-preview:-1"},"canonical":"https:\/\/lumalofts.ca\/fr\/booking-photoshoot\/","og_locale":"fr_CA","og_type":"article","og_title":"Booking Photoshoot","og_description":"This page is for booking the studio space for content creation, video production, and photoshoots of crews under 10 people ONLY. If you are hosting an event at LUMA lofts,...","og_url":"https:\/\/lumalofts.ca\/fr\/booking-photoshoot\/","og_site_name":"Luma Lofts","article_publisher":"https:\/\/www.facebook.com\/lumaloft\/","article_modified_time":"2026-01-10T06:01:32+00:00","twitter_card":"summary_large_image","twitter_misc":{"Estimation du temps de lecture":"1 minute"},"schema":{"@context":"https:\/\/schema.org","@graph":[{"@type":"WebPage","@id":"https:\/\/lumalofts.ca\/booking-photoshoot\/","url":"https:\/\/lumalofts.ca\/booking-photoshoot\/","name":"Booking Photoshoot - Luma Lofts","isPartOf":{"@id":"https:\/\/lumalofts.ca\/#website"},"datePublished":"2025-05-10T20:07:52+00:00","dateModified":"2026-01-10T06:01:32+00:00","breadcrumb":{"@id":"https:\/\/lumalofts.ca\/booking-photoshoot\/#breadcrumb"},"inLanguage":"fr-CA","potentialAction":[{"@type":"ReadAction","target":["https:\/\/lumalofts.ca\/booking-photoshoot\/"]}]},{"@type":"BreadcrumbList","@id":"https:\/\/lumalofts.ca\/booking-photoshoot\/#breadcrumb","itemListElement":[{"@type":"ListItem","position":1,"name":"Home","item":"https:\/\/lumalofts.ca\/"},{"@type":"ListItem","position":2,"name":"Booking Photoshoot"}]},{"@type":"WebSite","@id":"https:\/\/lumalofts.ca\/#website","url":"https:\/\/lumalofts.ca\/","name":"Luma Lofts \u2013 Creative Studio Space in Montreal","description":"Creative Studio Space in Montreal","publisher":{"@id":"https:\/\/lumalofts.ca\/#organization"},"potentialAction":[{"@type":"SearchAction","target":{"@type":"EntryPoint","urlTemplate":"https:\/\/lumalofts.ca\/?s={search_term_string}"},"query-input":{"@type":"PropertyValueSpecification","valueRequired":true,"valueName":"search_term_string"}}],"inLanguage":"fr-CA"},{"@type":["Organization","Place"],"@id":"https:\/\/lumalofts.ca\/#organization","name":"Luma Lofts","url":"https:\/\/lumalofts.ca\/","logo":{"@id":"https:\/\/lumalofts.ca\/booking-photoshoot\/#local-main-organization-logo"},"image":{"@id":"https:\/\/lumalofts.ca\/booking-photoshoot\/#local-main-organization-logo"},"sameAs":["https:\/\/www.facebook.com\/lumaloft\/","https:\/\/www.instagram.com\/lumalofts\/"],"telephone":[],"openingHoursSpecification":[{"@type":"OpeningHoursSpecification","dayOfWeek":["Monday","Tuesday","Wednesday","Thursday","Friday","Saturday","Sunday"],"opens":"09:00","closes":"17:00"}]},{"@type":"ImageObject","inLanguage":"fr-CA","@id":"https:\/\/lumalofts.ca\/booking-photoshoot\/#local-main-organization-logo","url":"https:\/\/lumalofts.ca\/wp-content\/uploads\/cropped-LUMA-logo.png","contentUrl":"https:\/\/lumalofts.ca\/wp-content\/uploads\/cropped-LUMA-logo.png","width":512,"height":512,"caption":"Luma Lofts"}]}},"_links":{"self":[{"href":"https:\/\/lumalofts.ca\/fr\/wp-json\/wp\/v2\/pages\/9901","targetHints":{"allow":["GET"]}}],"collection":[{"href":"https:\/\/lumalofts.ca\/fr\/wp-json\/wp\/v2\/pages"}],"about":[{"href":"https:\/\/lumalofts.ca\/fr\/wp-json\/wp\/v2\/types\/page"}],"author":[{"embeddable":true,"href":"https:\/\/lumalofts.ca\/fr\/wp-json\/wp\/v2\/users\/1"}],"replies":[{"embeddable":true,"href":"https:\/\/lumalofts.ca\/fr\/wp-json\/wp\/v2\/comments?post=9901"}],"version-history":[{"count":32,"href":"https:\/\/lumalofts.ca\/fr\/wp-json\/wp\/v2\/pages\/9901\/revisions"}],"predecessor-version":[{"id":10185,"href":"https:\/\/lumalofts.ca\/fr\/wp-json\/wp\/v2\/pages\/9901\/revisions\/10185"}],"wp:attachment":[{"href":"https:\/\/lumalofts.ca\/fr\/wp-json\/wp\/v2\/media?parent=9901"}],"wp:term":[{"taxonomy":"category","embeddable":true,"href":"https:\/\/lumalofts.ca\/fr\/wp-json\/wp\/v2\/categories?post=9901"},{"taxonomy":"post_tag","embeddable":true,"href":"https:\/\/lumalofts.ca\/fr\/wp-json\/wp\/v2\/tags?post=9901"}],"curies":[{"name":"wp","href":"https:\/\/api.w.org\/{rel}","templated":true}]}}