{"id":49,"date":"2023-11-27T13:07:17","date_gmt":"2023-11-27T13:07:17","guid":{"rendered":"https:\/\/clara.mauvestudio.co\/?page_id=49"},"modified":"2026-02-10T21:59:43","modified_gmt":"2026-02-10T21:59:43","slug":"contact","status":"publish","type":"page","link":"https:\/\/lumalofts.ca\/fr\/contact\/","title":{"rendered":"Contact"},"content":{"rendered":"<div data-elementor-type=\"wp-page\" data-elementor-id=\"49\" class=\"elementor elementor-49\">\n\t\t\t\t<div class=\"elementor-element elementor-element-3b192a9 e-flex e-con-boxed e-con e-parent\" data-id=\"3b192a9\" data-element_type=\"container\" data-e-type=\"container\" data-settings=\"{&quot;mauve_ext_is_background_parallax&quot;:&quot;true&quot;,&quot;mauve_ext_is_background_parallax_speed&quot;:{&quot;unit&quot;:&quot;px&quot;,&quot;size&quot;:0.8,&quot;sizes&quot;:[]}}\">\n\t\t\t\t\t<div class=\"e-con-inner\">\n\t\t<div class=\"elementor-element elementor-element-3cd21b8 e-con-full e-flex e-con e-child\" data-id=\"3cd21b8\" data-element_type=\"container\" data-e-type=\"container\" data-settings=\"{&quot;mauve_ext_is_background_parallax&quot;:&quot;false&quot;}\">\n\t\t<div class=\"elementor-element elementor-element-e9056a9 e-con-full e-flex e-con e-child\" data-id=\"e9056a9\" data-element_type=\"container\" data-e-type=\"container\" data-settings=\"{&quot;mauve_ext_is_background_parallax&quot;:&quot;false&quot;}\">\n\t\t\t\t<div class=\"elementor-element elementor-element-0b313fe mauve-separator-align-left elementor-widget elementor-widget-mauve-fancy_heading\" data-id=\"0b313fe\" data-element_type=\"widget\" data-e-type=\"widget\" data-settings=\"{&quot;mauve_hidepaged&quot;:&quot;false&quot;}\" data-widget_type=\"mauve-fancy_heading.default\">\n\t\t\t\t<div class=\"elementor-widget-container\">\n\t\t\t\t\t\t\t<div class=\"mauve-fancy-heading mauve-heading-text-left\">\n\t\t\t<div class=\"mauve-fancy-heading-inner\">\n\t\t\t\t<div class=\"mauve-heading-subtitle\">Contact<\/div><h1 class=\"mauve-heading-title\">Des questions?<br>Contactez--nous!<\/h1><div class=\"mauve-heading-content entry-content\"><p>Nous sommes \u00e0 votre disposition pour r\u00e9pondre \u00e0 toutes vos questions et pr\u00e9occupations. N'h\u00e9sitez pas \u00e0 nous contacter \u00e0 tout moment.<\/p>\n<\/div>\t\t\t<\/div>\n\t\t<\/div>\n\t\t\t\t\t\t<\/div>\n\t\t\t\t<\/div>\n\t\t\t\t<div class=\"elementor-element elementor-element-2f461c6 elementor-position-inline-start elementor-view-default elementor-mobile-position-block-start elementor-widget elementor-widget-icon-box\" data-id=\"2f461c6\" data-element_type=\"widget\" data-e-type=\"widget\" data-settings=\"{&quot;mauve_hidepaged&quot;:&quot;false&quot;}\" data-widget_type=\"icon-box.default\">\n\t\t\t\t\t\t\t<div class=\"elementor-icon-box-wrapper\">\n\n\t\t\t\t\t\t<div class=\"elementor-icon-box-icon\">\n\t\t\t\t<span  class=\"elementor-icon\">\n\t\t\t\t<i aria-hidden=\"true\" class=\"ms-icons ms-phone\"><\/i>\t\t\t\t<\/span>\n\t\t\t<\/div>\n\t\t\t\n\t\t\t\t\t\t<div class=\"elementor-icon-box-content\">\n\n\t\t\t\t\t\t\t\t\t<div class=\"elementor-icon-box-title\">\n\t\t\t\t\t\t<span  >\n\t\t\t\t\t\t\t+ 1 438 804 5862 ext 2\t\t\t\t\t\t<\/span>\n\t\t\t\t\t<\/div>\n\t\t\t\t\n\t\t\t\t\n\t\t\t<\/div>\n\t\t\t\n\t\t<\/div>\n\t\t\t\t\t\t<\/div>\n\t\t\t\t<div class=\"elementor-element elementor-element-04cdf34 elementor-position-inline-start underlined_links elementor-view-default elementor-mobile-position-block-start elementor-widget elementor-widget-icon-box\" data-id=\"04cdf34\" data-element_type=\"widget\" data-e-type=\"widget\" data-settings=\"{&quot;mauve_hidepaged&quot;:&quot;false&quot;}\" data-widget_type=\"icon-box.default\">\n\t\t\t\t\t\t\t<div class=\"elementor-icon-box-wrapper\">\n\n\t\t\t\t\t\t<div class=\"elementor-icon-box-icon\">\n\t\t\t\t<a href=\"mailto:contact@pamkay.ca\" class=\"elementor-icon\" tabindex=\"-1\" aria-label=\"contact@pamkay.ca\">\n\t\t\t\t<i aria-hidden=\"true\" class=\"ms-icons ms-mail\"><\/i>\t\t\t\t<\/a>\n\t\t\t<\/div>\n\t\t\t\n\t\t\t\t\t\t<div class=\"elementor-icon-box-content\">\n\n\t\t\t\t\t\t\t\t\t<div class=\"elementor-icon-box-title\">\n\t\t\t\t\t\t<a href=\"mailto:contact@pamkay.ca\" >\n\t\t\t\t\t\t\tcontact@pamkay.ca\t\t\t\t\t\t<\/a>\n\t\t\t\t\t<\/div>\n\t\t\t\t\n\t\t\t\t\n\t\t\t<\/div>\n\t\t\t\n\t\t<\/div>\n\t\t\t\t\t\t<\/div>\n\t\t\t\t<\/div>\n\t\t<div class=\"elementor-element elementor-element-0534a98 e-con-full e-flex e-con e-child\" data-id=\"0534a98\" data-element_type=\"container\" data-e-type=\"container\" data-settings=\"{&quot;mauve_ext_is_background_parallax&quot;:&quot;false&quot;}\">\n\t\t\t\t<div class=\"elementor-element elementor-element-97a2b39 mauve-contact-form-7-button-custom elementor-widget elementor-widget-mauve-contact-form-7\" data-id=\"97a2b39\" data-element_type=\"widget\" data-e-type=\"widget\" data-settings=\"{&quot;mauve_hidepaged&quot;:&quot;false&quot;}\" data-widget_type=\"mauve-contact-form-7.default\">\n\t\t\t\t<div class=\"elementor-widget-container\">\n\t\t\t\t\t<div class=\"mauve-contact-form-7-wrapper mauve-contact-form mauve-contact-form-7 mauve-contact-form-97a2b39 labels-hide mauve-contact-form-align-right\">\n                <div class=\"mauve-contact-form-7-inner\">\n<div class=\"wpcf7 no-js\" id=\"wpcf7-f128-o1\" lang=\"en-US\" dir=\"ltr\" data-wpcf7-id=\"128\">\n<div class=\"screen-reader-response\"><p role=\"status\" aria-live=\"polite\" aria-atomic=\"true\"><\/p> <ul><\/ul><\/div>\n<form action=\"\/fr\/wp-json\/wp\/v2\/pages\/49#wpcf7-f128-o1\" method=\"post\" class=\"wpcf7-form init\" aria-label=\"Contact form\" novalidate=\"novalidate\" data-status=\"init\" data-trp-original-action=\"\/fr\/wp-json\/wp\/v2\/pages\/49#wpcf7-f128-o1\">\n<fieldset class=\"hidden-fields-container\"><input type=\"hidden\" name=\"_wpcf7\" value=\"128\" \/><input type=\"hidden\" name=\"_wpcf7_version\" value=\"6.1.4\" \/><input type=\"hidden\" name=\"_wpcf7_locale\" value=\"en_US\" \/><input type=\"hidden\" name=\"_wpcf7_unit_tag\" value=\"wpcf7-f128-o1\" \/><input type=\"hidden\" name=\"_wpcf7_container_post\" value=\"0\" \/><input type=\"hidden\" name=\"_wpcf7_posted_data_hash\" value=\"\" \/>\n<\/fieldset>\n<div class=\"row\">\n\t<div class=\"col-lg-6\">\n\t\t<p><label>Full name*<\/label><br \/>\n<span class=\"wpcf7-form-control-wrap\" data-name=\"full-name\"><input size=\"40\" maxlength=\"400\" class=\"wpcf7-form-control wpcf7-text wpcf7-validates-as-required\" aria-required=\"true\" aria-invalid=\"false\" placeholder=\"Full name*\" value=\"\" type=\"text\" name=\"full-name\" \/><\/span>\n\t\t<\/p>\n\t<\/div>\n\t<div class=\"col-lg-6\">\n\t\t<p><label>Phone number*<\/label><br \/>\n<span class=\"wpcf7-form-control-wrap\" data-name=\"phone\"><input size=\"40\" maxlength=\"400\" class=\"wpcf7-form-control wpcf7-tel wpcf7-text wpcf7-validates-as-tel\" aria-invalid=\"false\" placeholder=\"Phone number*\" value=\"\" type=\"tel\" name=\"phone\" \/><\/span>\n\t\t<\/p>\n\t<\/div>\n<\/div>\n<div class=\"row\">\n\t<div class=\"col-lg-6\">\n\t\t<p><label>Your email*<\/label><br \/>\n<span class=\"wpcf7-form-control-wrap\" data-name=\"your-email\"><input size=\"40\" maxlength=\"400\" class=\"wpcf7-form-control wpcf7-email wpcf7-validates-as-required wpcf7-text wpcf7-validates-as-email\" autocomplete=\"email\" aria-required=\"true\" aria-invalid=\"false\" placeholder=\"Your email*\" value=\"\" type=\"email\" name=\"your-email\" \/><\/span>\n\t\t<\/p>\n\t<\/div>\n\t<div class=\"col-lg-6\">\n\t\t<p><label>Booking type*<\/label><br \/>\n<span class=\"wpcf7-form-control-wrap\" data-name=\"category\"><select class=\"wpcf7-form-control wpcf7-select wpcf7-validates-as-required elementor-dropdown\" aria-required=\"true\" aria-invalid=\"false\" name=\"category\"><option value=\"Photo video or content creation\">Photo video or content creation<\/option><option value=\"Events &amp; Workshops\">Events &amp; Workshops<\/option><option value=\"Weddings\">Mariages<\/option><option value=\"Other\">Other<\/option><\/select><\/span>\n\t\t<\/p>\n\t<\/div>\n<\/div>\n<p><span class=\"wpcf7-form-control-wrap\" data-name=\"date\"><input class=\"wpcf7-form-control wpcf7-date wpcf7-validates-as-date elementor-button\" aria-invalid=\"false\" value=\"\" type=\"date\" name=\"date\" \/><\/span><br \/>\n<label>Your message (optional)<\/label><br \/>\n<span class=\"wpcf7-form-control-wrap\" data-name=\"your-message\"><textarea cols=\"40\" rows=\"10\" maxlength=\"2000\" class=\"wpcf7-form-control wpcf7-textarea\" aria-invalid=\"false\" placeholder=\"Your message\" name=\"your-message\"><\/textarea><\/span>\n<\/p>\n<p class=\"submit-cf7\"><input class=\"wpcf7-form-control wpcf7-submit has-spinner elementor-button\" type=\"submit\" value=\"Submit Form\" \/>\n<\/p><p style=\"display: none !important;\" class=\"akismet-fields-container\" data-prefix=\"_wpcf7_ak_\"><label>&#916;<textarea name=\"_wpcf7_ak_hp_textarea\" cols=\"45\" rows=\"8\" maxlength=\"100\"><\/textarea><\/label><input type=\"hidden\" id=\"ak_js_1\" name=\"_wpcf7_ak_js\" value=\"134\"\/><script>document.getElementById( \"ak_js_1\" ).setAttribute( \"value\", ( new Date() ).getTime() );<\/script><\/p><div class=\"wpcf7-response-output\" aria-hidden=\"true\"><\/div>\n<input type=\"hidden\" name=\"trp-form-language\" value=\"fr\"\/><\/form>\n<\/div>\n<\/div>\n            <\/div>\t\t\t\t<\/div>\n\t\t\t\t<\/div>\n\t\t\t\t<\/div>\n\t\t\t\t<\/div>\n\t\t\t\t\t<\/div>\n\t\t\t\t<\/div>\n\t\t\t\t<\/div>","protected":false},"excerpt":{"rendered":"<p>Contact Any Questions?Get in Touch! We are here to assist you with any questions or concerns you may have. Feel free to reach out to us anytime. + 1 438&#8230;<\/p>","protected":false},"author":1,"featured_media":0,"parent":0,"menu_order":0,"comment_status":"closed","ping_status":"closed","template":"","meta":{"footnotes":""},"class_list":["post-49","page","type-page","status-publish","hentry"],"yoast_head":"<!-- This site is optimized with the Yoast SEO Premium plugin v26.9 (Yoast SEO v26.9) - https:\/\/yoast.com\/product\/yoast-seo-premium-wordpress\/ -->\n<title>Contact - Luma Lofts<\/title>\n<meta name=\"robots\" content=\"index, follow, max-snippet:-1, max-image-preview:large, max-video-preview:-1\" \/>\n<link rel=\"canonical\" href=\"https:\/\/lumalofts.ca\/fr\/contact\/\" \/>\n<meta property=\"og:locale\" content=\"fr_CA\" \/>\n<meta property=\"og:type\" content=\"article\" \/>\n<meta property=\"og:title\" content=\"Contact\" \/>\n<meta property=\"og:description\" content=\"Contact Any Questions?Get in Touch! We are here to assist you with any questions or concerns you may have. Feel free to reach out to us anytime. + 1 438...\" \/>\n<meta property=\"og:url\" content=\"https:\/\/lumalofts.ca\/fr\/contact\/\" \/>\n<meta property=\"og:site_name\" content=\"Luma Lofts\" \/>\n<meta property=\"article:publisher\" content=\"https:\/\/www.facebook.com\/lumaloft\/\" \/>\n<meta property=\"article:modified_time\" content=\"2026-02-10T21:59:43+00:00\" \/>\n<meta name=\"twitter:card\" content=\"summary_large_image\" \/>\n<meta name=\"twitter:label1\" content=\"Estimation du temps de lecture\" \/>\n\t<meta name=\"twitter:data1\" content=\"1 minute\" \/>\n<script type=\"application\/ld+json\" class=\"yoast-schema-graph\">{\"@context\":\"https:\/\/schema.org\",\"@graph\":[{\"@type\":\"WebPage\",\"@id\":\"https:\/\/lumalofts.ca\/contact\/\",\"url\":\"https:\/\/lumalofts.ca\/contact\/\",\"name\":\"Contact - Luma Lofts\",\"isPartOf\":{\"@id\":\"https:\/\/lumalofts.ca\/#website\"},\"datePublished\":\"2023-11-27T13:07:17+00:00\",\"dateModified\":\"2026-02-10T21:59:43+00:00\",\"breadcrumb\":{\"@id\":\"https:\/\/lumalofts.ca\/contact\/#breadcrumb\"},\"inLanguage\":\"fr-CA\",\"potentialAction\":[{\"@type\":\"ReadAction\",\"target\":[\"https:\/\/lumalofts.ca\/contact\/\"]}]},{\"@type\":\"BreadcrumbList\",\"@id\":\"https:\/\/lumalofts.ca\/contact\/#breadcrumb\",\"itemListElement\":[{\"@type\":\"ListItem\",\"position\":1,\"name\":\"Home\",\"item\":\"https:\/\/lumalofts.ca\/\"},{\"@type\":\"ListItem\",\"position\":2,\"name\":\"Contact\"}]},{\"@type\":\"WebSite\",\"@id\":\"https:\/\/lumalofts.ca\/#website\",\"url\":\"https:\/\/lumalofts.ca\/\",\"name\":\"Luma Lofts \u2013 Creative Studio Space in Montreal\",\"description\":\"Creative Studio Space in Montreal\",\"publisher\":{\"@id\":\"https:\/\/lumalofts.ca\/#organization\"},\"potentialAction\":[{\"@type\":\"SearchAction\",\"target\":{\"@type\":\"EntryPoint\",\"urlTemplate\":\"https:\/\/lumalofts.ca\/?s={search_term_string}\"},\"query-input\":{\"@type\":\"PropertyValueSpecification\",\"valueRequired\":true,\"valueName\":\"search_term_string\"}}],\"inLanguage\":\"fr-CA\"},{\"@type\":[\"Organization\",\"Place\"],\"@id\":\"https:\/\/lumalofts.ca\/#organization\",\"name\":\"Luma Lofts\",\"url\":\"https:\/\/lumalofts.ca\/\",\"logo\":{\"@id\":\"https:\/\/lumalofts.ca\/contact\/#local-main-organization-logo\"},\"image\":{\"@id\":\"https:\/\/lumalofts.ca\/contact\/#local-main-organization-logo\"},\"sameAs\":[\"https:\/\/www.facebook.com\/lumaloft\/\",\"https:\/\/www.instagram.com\/lumalofts\/\"],\"telephone\":[],\"openingHoursSpecification\":[{\"@type\":\"OpeningHoursSpecification\",\"dayOfWeek\":[\"Monday\",\"Tuesday\",\"Wednesday\",\"Thursday\",\"Friday\",\"Saturday\",\"Sunday\"],\"opens\":\"09:00\",\"closes\":\"17:00\"}]},{\"@type\":\"ImageObject\",\"inLanguage\":\"fr-CA\",\"@id\":\"https:\/\/lumalofts.ca\/contact\/#local-main-organization-logo\",\"url\":\"https:\/\/lumalofts.ca\/wp-content\/uploads\/cropped-LUMA-logo.png\",\"contentUrl\":\"https:\/\/lumalofts.ca\/wp-content\/uploads\/cropped-LUMA-logo.png\",\"width\":512,\"height\":512,\"caption\":\"Luma Lofts\"}]}<\/script>\n<!-- \/ Yoast SEO Premium plugin. -->","yoast_head_json":{"title":"Contact - Luma Lofts","robots":{"index":"index","follow":"follow","max-snippet":"max-snippet:-1","max-image-preview":"max-image-preview:large","max-video-preview":"max-video-preview:-1"},"canonical":"https:\/\/lumalofts.ca\/fr\/contact\/","og_locale":"fr_CA","og_type":"article","og_title":"Contact","og_description":"Contact Any Questions?Get in Touch! We are here to assist you with any questions or concerns you may have. Feel free to reach out to us anytime. + 1 438...","og_url":"https:\/\/lumalofts.ca\/fr\/contact\/","og_site_name":"Luma Lofts","article_publisher":"https:\/\/www.facebook.com\/lumaloft\/","article_modified_time":"2026-02-10T21:59:43+00:00","twitter_card":"summary_large_image","twitter_misc":{"Estimation du temps de lecture":"1 minute"},"schema":{"@context":"https:\/\/schema.org","@graph":[{"@type":"WebPage","@id":"https:\/\/lumalofts.ca\/contact\/","url":"https:\/\/lumalofts.ca\/contact\/","name":"Contact - Luma Lofts","isPartOf":{"@id":"https:\/\/lumalofts.ca\/#website"},"datePublished":"2023-11-27T13:07:17+00:00","dateModified":"2026-02-10T21:59:43+00:00","breadcrumb":{"@id":"https:\/\/lumalofts.ca\/contact\/#breadcrumb"},"inLanguage":"fr-CA","potentialAction":[{"@type":"ReadAction","target":["https:\/\/lumalofts.ca\/contact\/"]}]},{"@type":"BreadcrumbList","@id":"https:\/\/lumalofts.ca\/contact\/#breadcrumb","itemListElement":[{"@type":"ListItem","position":1,"name":"Home","item":"https:\/\/lumalofts.ca\/"},{"@type":"ListItem","position":2,"name":"Contact"}]},{"@type":"WebSite","@id":"https:\/\/lumalofts.ca\/#website","url":"https:\/\/lumalofts.ca\/","name":"Luma Lofts \u2013 Creative Studio Space in Montreal","description":"Creative Studio Space in Montreal","publisher":{"@id":"https:\/\/lumalofts.ca\/#organization"},"potentialAction":[{"@type":"SearchAction","target":{"@type":"EntryPoint","urlTemplate":"https:\/\/lumalofts.ca\/?s={search_term_string}"},"query-input":{"@type":"PropertyValueSpecification","valueRequired":true,"valueName":"search_term_string"}}],"inLanguage":"fr-CA"},{"@type":["Organization","Place"],"@id":"https:\/\/lumalofts.ca\/#organization","name":"Luma Lofts","url":"https:\/\/lumalofts.ca\/","logo":{"@id":"https:\/\/lumalofts.ca\/contact\/#local-main-organization-logo"},"image":{"@id":"https:\/\/lumalofts.ca\/contact\/#local-main-organization-logo"},"sameAs":["https:\/\/www.facebook.com\/lumaloft\/","https:\/\/www.instagram.com\/lumalofts\/"],"telephone":[],"openingHoursSpecification":[{"@type":"OpeningHoursSpecification","dayOfWeek":["Monday","Tuesday","Wednesday","Thursday","Friday","Saturday","Sunday"],"opens":"09:00","closes":"17:00"}]},{"@type":"ImageObject","inLanguage":"fr-CA","@id":"https:\/\/lumalofts.ca\/contact\/#local-main-organization-logo","url":"https:\/\/lumalofts.ca\/wp-content\/uploads\/cropped-LUMA-logo.png","contentUrl":"https:\/\/lumalofts.ca\/wp-content\/uploads\/cropped-LUMA-logo.png","width":512,"height":512,"caption":"Luma Lofts"}]}},"_links":{"self":[{"href":"https:\/\/lumalofts.ca\/fr\/wp-json\/wp\/v2\/pages\/49","targetHints":{"allow":["GET"]}}],"collection":[{"href":"https:\/\/lumalofts.ca\/fr\/wp-json\/wp\/v2\/pages"}],"about":[{"href":"https:\/\/lumalofts.ca\/fr\/wp-json\/wp\/v2\/types\/page"}],"author":[{"embeddable":true,"href":"https:\/\/lumalofts.ca\/fr\/wp-json\/wp\/v2\/users\/1"}],"replies":[{"embeddable":true,"href":"https:\/\/lumalofts.ca\/fr\/wp-json\/wp\/v2\/comments?post=49"}],"version-history":[{"count":12,"href":"https:\/\/lumalofts.ca\/fr\/wp-json\/wp\/v2\/pages\/49\/revisions"}],"predecessor-version":[{"id":10270,"href":"https:\/\/lumalofts.ca\/fr\/wp-json\/wp\/v2\/pages\/49\/revisions\/10270"}],"wp:attachment":[{"href":"https:\/\/lumalofts.ca\/fr\/wp-json\/wp\/v2\/media?parent=49"}],"curies":[{"name":"wp","href":"https:\/\/api.w.org\/{rel}","templated":true}]}}